{"id":898,"date":"2014-07-05T12:49:57","date_gmt":"2014-07-05T10:49:57","guid":{"rendered":"http:\/\/www.kleingartenverein-ladenburg.de\/?page_id=898"},"modified":"2014-07-05T12:49:57","modified_gmt":"2014-07-05T10:49:57","slug":"haus-garten","status":"publish","type":"page","link":"https:\/\/www.kleingartenverein-ladenburg.de\/?page_id=898","title":{"rendered":"Haus &#038; Garten"},"content":{"rendered":"<p>Die monatlich erscheinende Zeitschrift ist das offizielle Organ unseres Landesverbandes. Darin informiert dieser seine Mitglieder \u00fcber die gesamte Palette des Gartenbereichs. Den redaktionellen Schwerpunkt bilden die Beschreibung der monatlich anfallenden<br \/>\nGartenarbeiten erg\u00e4nzt durch Tipps und eine F\u00fclle von Ratschl\u00e4gen.<\/p>\n<p>Die Ver\u00f6ffentlichungen sind auf die Bed\u00fcrfnisse der Kleing\u00e4rtner, aber auch der Hausgartenbesitzer abgestimmt. F\u00fcr die Siedler, Eigenheimbesitzer und Wohnungseigent\u00fcmer des Verbandes wird beispielsweise auch \u00fcber Steuer- und Rechtsangelegenheiten berichtet.<\/p>\n<p>Mitglieder des Kleingartenvereins erhalten die Zeitschrift kostenlos.<\/p>\n","protected":false},"excerpt":{"rendered":"<p>Die monatlich erscheinende Zeitschrift ist das offizielle Organ unseres Landesverbandes. Darin informiert dieser seine Mitglieder \u00fcber die gesamte Palette des Gartenbereichs. Den redaktionellen Schwerpunkt bilden die Beschreibung der monatlich anfallenden Gartenarbeiten erg\u00e4nzt durch Tipps und eine F\u00fclle von Ratschl\u00e4gen. Die Ver\u00f6ffentlichungen sind auf die Bed\u00fcrfnisse der Kleing\u00e4rtner, aber auch der Hausgartenbesitzer abgestimmt. F\u00fcr die Siedler, [&hellip;]<\/p>\n","protected":false},"author":2,"featured_media":0,"parent":871,"menu_order":2,"comment_status":"closed","ping_status":"closed","template":"","meta":{"ngg_post_thumbnail":0,"footnotes":""},"class_list":["post-898","page","type-page","status-publish","hentry"],"_links":{"self":[{"href":"https:\/\/www.kleingartenverein-ladenburg.de\/index.php?rest_route=\/wp\/v2\/pages\/898","targetHints":{"allow":["GET"]}}],"collection":[{"href":"https:\/\/www.kleingartenverein-ladenburg.de\/index.php?rest_route=\/wp\/v2\/pages"}],"about":[{"href":"https:\/\/www.kleingartenverein-ladenburg.de\/index.php?rest_route=\/wp\/v2\/types\/page"}],"author":[{"embeddable":true,"href":"https:\/\/www.kleingartenverein-ladenburg.de\/index.php?rest_route=\/wp\/v2\/users\/2"}],"replies":[{"embeddable":true,"href":"https:\/\/www.kleingartenverein-ladenburg.de\/index.php?rest_route=%2Fwp%2Fv2%2Fcomments&post=898"}],"version-history":[{"count":0,"href":"https:\/\/www.kleingartenverein-ladenburg.de\/index.php?rest_route=\/wp\/v2\/pages\/898\/revisions"}],"up":[{"embeddable":true,"href":"https:\/\/www.kleingartenverein-ladenburg.de\/index.php?rest_route=\/wp\/v2\/pages\/871"}],"wp:attachment":[{"href":"https:\/\/www.kleingartenverein-ladenburg.de\/index.php?rest_route=%2Fwp%2Fv2%2Fmedia&parent=898"}],"curies":[{"name":"wp","href":"https:\/\/api.w.org\/{rel}","templated":true}]}}