{"id":892,"date":"2014-07-05T12:42:40","date_gmt":"2014-07-05T10:42:40","guid":{"rendered":"http:\/\/www.kleingartenverein-ladenburg.de\/?page_id=892"},"modified":"2025-05-01T06:57:52","modified_gmt":"2025-05-01T06:57:52","slug":"formalien","status":"publish","type":"page","link":"https:\/\/www.kleingartenverein-ladenburg.de\/?page_id=892","title":{"rendered":"Formalien"},"content":{"rendered":"<p><a title=\"Einzugserm\u00e4chtigung\" href=\"http:\/\/kleingartenverein-ladenburg.de\/wp-content\/pdf\/Einzugsermaechtigung.pdf\" target=\"_blank\" rel=\"noopener\">Einzugserm\u00e4chtigung<\/a> (zur bequemen Abbuchung der Mitgliedsbeitr\u00e4ge)<\/p>\n<p><a title=\"Mail an den KGV-Vorstand\" href=\"mailto: 1vorsitzender@kleingartenverein-ladenburg.de\" target=\"_blank\" rel=\"noopener\">Mitteilungen \u00fcber Adress- bzw. Telefon\u00e4nderungen&#8230; (per Mail an den Vorstand)<\/a><\/p>\n<p><a title=\"Vorstand\" href=\"http:\/\/kleingartenverein-ladenburg.de\/?page_id=144\" target=\"_blank\" rel=\"noopener\">Kontaktdaten: Vorstand<\/a><\/p>\n<p><a title=\"Kommissionen\" href=\"http:\/\/kleingartenverein-ladenburg.de\/?page_id=146\" target=\"_blank\" rel=\"noopener\">Kontaktdaten Kommisionsmitglieder<\/a><\/p>\n<p><a href=\"https:\/\/www.kleingartenverein-ladenburg.de\/?page_id=148\">Link zu Satzung und sonstigen Vereinordnungen<\/a><\/p>\n","protected":false},"excerpt":{"rendered":"<p>Einzugserm\u00e4chtigung (zur bequemen Abbuchung der Mitgliedsbeitr\u00e4ge) Mitteilungen \u00fcber Adress- bzw. Telefon\u00e4nderungen&#8230; (per Mail an den Vorstand) Kontaktdaten: Vorstand Kontaktdaten Kommisionsmitglieder Link zu Satzung und sonstigen Vereinordnungen<\/p>\n","protected":false},"author":2,"featured_media":0,"parent":871,"menu_order":3,"comment_status":"closed","ping_status":"closed","template":"","meta":{"ngg_post_thumbnail":0,"footnotes":""},"class_list":["post-892","page","type-page","status-publish","hentry"],"_links":{"self":[{"href":"https:\/\/www.kleingartenverein-ladenburg.de\/index.php?rest_route=\/wp\/v2\/pages\/892","targetHints":{"allow":["GET"]}}],"collection":[{"href":"https:\/\/www.kleingartenverein-ladenburg.de\/index.php?rest_route=\/wp\/v2\/pages"}],"about":[{"href":"https:\/\/www.kleingartenverein-ladenburg.de\/index.php?rest_route=\/wp\/v2\/types\/page"}],"author":[{"embeddable":true,"href":"https:\/\/www.kleingartenverein-ladenburg.de\/index.php?rest_route=\/wp\/v2\/users\/2"}],"replies":[{"embeddable":true,"href":"https:\/\/www.kleingartenverein-ladenburg.de\/index.php?rest_route=%2Fwp%2Fv2%2Fcomments&post=892"}],"version-history":[{"count":7,"href":"https:\/\/www.kleingartenverein-ladenburg.de\/index.php?rest_route=\/wp\/v2\/pages\/892\/revisions"}],"predecessor-version":[{"id":3017,"href":"https:\/\/www.kleingartenverein-ladenburg.de\/index.php?rest_route=\/wp\/v2\/pages\/892\/revisions\/3017"}],"up":[{"embeddable":true,"href":"https:\/\/www.kleingartenverein-ladenburg.de\/index.php?rest_route=\/wp\/v2\/pages\/871"}],"wp:attachment":[{"href":"https:\/\/www.kleingartenverein-ladenburg.de\/index.php?rest_route=%2Fwp%2Fv2%2Fmedia&parent=892"}],"curies":[{"name":"wp","href":"https:\/\/api.w.org\/{rel}","templated":true}]}}