{"id":884,"date":"2014-07-05T10:50:46","date_gmt":"2014-07-05T08:50:46","guid":{"rendered":"http:\/\/www.kleingartenverein-ladenburg.de\/?page_id=884"},"modified":"2016-11-03T20:24:57","modified_gmt":"2016-11-03T20:24:57","slug":"versicherungen","status":"publish","type":"page","link":"https:\/\/www.kleingartenverein-ladenburg.de\/?page_id=884","title":{"rendered":"Versicherungen"},"content":{"rendered":"<p>Der Verein bietet \u00fcber den Landesverband der Gartenfreunde Baden-W\u00fcrttemberg e.V. Versicherungen f\u00fcr seine Mitglieder an. Anmeldungen, Ver\u00e4nderungen, Schadenmeldungen und Beitragszahlungen erfolgen \u00fcber den Kleingartenverein Ladenburg.<\/p>\n<p><strong>Folgende Versicherungen werden angeboten:<\/strong><br \/>\n<strong><span style=\"text-decoration: underline;\"><em>FED-Versicherung<\/em><\/span><\/strong><br \/>\nVersichert gelten die auf dem Kleingartengrundst\u00fcck vorhandenen Geb\u00e4ude (Gartenlaube, Ger\u00e4tehaus, Pergola, Gew\u00e4chshaus usw.), die Haushalts- und Einrichtungsgegenst\u00e4nde, Gartenm\u00f6bel und Gartenger\u00e4te gegen Feuer-, Einbruchdiebstahl-, Sturm- und Hagelsch\u00e4den.<br \/>\nDetailinfos \/ Formulare zu dieser Versicherung:<br \/>\n<a href=\"https:\/\/www.kleingartenverein-ladenburg.de\/?p=1460\" target=\"_blank\">\u00c4nderungen 2017 zur FED-Versicherung<\/a><br \/>\n<a href=\"http:\/\/kleingartenverein-ladenburg.de\/wp-content\/pdf\/LVG Merkblatt FED 2017.pdf\" target=\"_blank\">M100 Merkblatt FED<\/a><br \/>\n<a href=\"http:\/\/kleingartenverein-ladenburg.de\/wp-content\/pdf\/T100-Infotext-FED-II.pdf\">T100 Infotext FED II<br \/>\n<\/a> <a href=\"http:\/\/kleingartenverein-ladenburg.de\/wp-content\/pdf\/S103-Schadenform-FED-StH.pdf\" target=\"_blank\">S103 Schadenform FED StH<br \/>\n<\/a> <a href=\"http:\/\/kleingartenverein-ladenburg.de\/wp-content\/pdf\/S101-Schadenform-FED-F.pdf\" target=\"_blank\">S101 Schadenform FED F<br \/>\n<\/a> <a href=\"http:\/\/kleingartenverein-ladenburg.de\/wp-content\/pdf\/S102-Schadenform-FED-ED.pdf\" target=\"_blank\">S102 Schadenform FED ED<\/a><\/p>\n<p><strong><em><span style=\"text-decoration: underline;\">HHV-Versicherung<\/span><\/em><\/strong><br \/>\nHaus- und Grundst\u00fccks-Haftpflicht-Versicherung f\u00fcr Vereinsmitglieder<br \/>\nDetailinfos \/ Formulare zu dieser Versicherung:<br \/>\n<a href=\"http:\/\/kleingartenverein-ladenburg.de\/wp-content\/pdf\/M200-Merkblatt-HHV.pdf\" target=\"_blank\">M200 Merkblatt HHV<\/a><br \/>\n<a href=\"http:\/\/kleingartenverein-ladenburg.de\/wp-content\/pdf\/S200-Schadenform-HHV.pdf\" target=\"_blank\">S200 Schadenform HHV<\/a><\/p>\n","protected":false},"excerpt":{"rendered":"<p>Der Verein bietet \u00fcber den Landesverband der Gartenfreunde Baden-W\u00fcrttemberg e.V. Versicherungen f\u00fcr seine Mitglieder an. Anmeldungen, Ver\u00e4nderungen, Schadenmeldungen und Beitragszahlungen erfolgen \u00fcber den Kleingartenverein Ladenburg. Folgende Versicherungen werden angeboten: FED-Versicherung Versichert gelten die auf dem Kleingartengrundst\u00fcck vorhandenen Geb\u00e4ude (Gartenlaube, Ger\u00e4tehaus, Pergola, Gew\u00e4chshaus usw.), die Haushalts- und Einrichtungsgegenst\u00e4nde, Gartenm\u00f6bel und Gartenger\u00e4te gegen Feuer-, Einbruchdiebstahl-, Sturm- und [&hellip;]<\/p>\n","protected":false},"author":2,"featured_media":0,"parent":871,"menu_order":4,"comment_status":"closed","ping_status":"closed","template":"","meta":{"ngg_post_thumbnail":0,"footnotes":""},"class_list":["post-884","page","type-page","status-publish","hentry"],"_links":{"self":[{"href":"https:\/\/www.kleingartenverein-ladenburg.de\/index.php?rest_route=\/wp\/v2\/pages\/884","targetHints":{"allow":["GET"]}}],"collection":[{"href":"https:\/\/www.kleingartenverein-ladenburg.de\/index.php?rest_route=\/wp\/v2\/pages"}],"about":[{"href":"https:\/\/www.kleingartenverein-ladenburg.de\/index.php?rest_route=\/wp\/v2\/types\/page"}],"author":[{"embeddable":true,"href":"https:\/\/www.kleingartenverein-ladenburg.de\/index.php?rest_route=\/wp\/v2\/users\/2"}],"replies":[{"embeddable":true,"href":"https:\/\/www.kleingartenverein-ladenburg.de\/index.php?rest_route=%2Fwp%2Fv2%2Fcomments&post=884"}],"version-history":[{"count":3,"href":"https:\/\/www.kleingartenverein-ladenburg.de\/index.php?rest_route=\/wp\/v2\/pages\/884\/revisions"}],"predecessor-version":[{"id":1464,"href":"https:\/\/www.kleingartenverein-ladenburg.de\/index.php?rest_route=\/wp\/v2\/pages\/884\/revisions\/1464"}],"up":[{"embeddable":true,"href":"https:\/\/www.kleingartenverein-ladenburg.de\/index.php?rest_route=\/wp\/v2\/pages\/871"}],"wp:attachment":[{"href":"https:\/\/www.kleingartenverein-ladenburg.de\/index.php?rest_route=%2Fwp%2Fv2%2Fmedia&parent=884"}],"curies":[{"name":"wp","href":"https:\/\/api.w.org\/{rel}","templated":true}]}}