{"id":1903,"date":"2018-06-20T21:29:17","date_gmt":"2018-06-20T21:29:17","guid":{"rendered":"http:\/\/www.kleingartenverein-ladenburg.de\/?page_id=1903"},"modified":"2018-06-22T06:39:10","modified_gmt":"2018-06-22T06:39:10","slug":"datenschutzerklaerung","status":"publish","type":"page","link":"https:\/\/www.kleingartenverein-ladenburg.de\/?page_id=1903","title":{"rendered":"Datenschutzerkl\u00e4rung"},"content":{"rendered":"<h2>Wer wir sind<\/h2>\n<p>Die offizielle Homepage des Kleingartenvereins Ladenburg e.V.<br \/>\nDie Adresse unserer Website ist: https:\/\/www.kleingartenverein-ladenburg.de.<\/p>\n<h2>Welche personenbezogenen Daten wir sammeln und warum wir sie sammeln<\/h2>\n<h3>Kommentare<\/h3>\n<p>Die Kommentarfunktion ist auf unserer Website in der Regel deaktiviert.&nbsp; Von daher ist die nachfolgende Beschreibung eher theoretisch zu verstehen, bzw. betrifft nur ausgew\u00e4hlte Beitr\u00e4ge mit erlaubter Kommentarfunktion (solche Beitr\u00e4ge sind dann wenn vorhanden speziell gekennzeichnet):<\/p>\n<p>Wenn Besucher Kommentare auf der Website schreiben, sammeln wir die Daten, die im Kommentar-Formular angezeigt werden, au\u00dferdem die IP-Adresse des Besuchers und den User-Agent-String (damit wird der Browser identifiziert), um die Erkennung von Spam zu unterst\u00fctzen.<\/p>\n<h3>Cookies<\/h3>\n<p>Wenn du einen Kommentar auf unserer Website schreibst, kann das eine Einwilligung sein, deinen Namen, E-Mail-Adresse und Website in Cookies zu speichern. Dies ist eine Komfortfunktion, damit du nicht, wenn du einen weiteren Kommentar schreibst, all diese Daten erneut eingeben musst. Diese Cookies werden dann ein Jahr lang gespeichert.<\/p>\n<p>Falls du ein Benutzerkonto bei uns hast und dich auf dieser Website anmeldest, werden wir ein tempor\u00e4res Cookie setzen, um festzustellen, ob dein Browser Cookies akzeptiert. Dieses Cookie enth\u00e4lt keine personenbezogenen Daten und wird verworfen, wenn du deinen Browser schlie\u00dft.<\/p>\n<p>Wenn du dich anmeldest, werden wir einige Cookies einrichten, um deine Anmeldeinformationen und Anzeigeoptionen zu speichern. Anmelde-Cookies verfallen nach zwei Tagen und Cookies f\u00fcr die Anzeigeoptionen nach einem Jahr. Falls du bei der Anmeldung \u201eAngemeldet bleiben\u201c ausw\u00e4hlst, wird deine Anmeldung zwei Wochen lang aufrechterhalten. Mit der Abmeldung aus deinem Konto werden die Anmelde-Cookies gel\u00f6scht.<\/p>\n<p>Wenn du einen Artikel bearbeitest oder ver\u00f6ffentlichst, wird ein zus\u00e4tzlicher Cookie in deinem Browser gespeichert. Dieser Cookie enth\u00e4lt keine personenbezogenen Daten und verweist nur auf die Beitrags-ID des Artikels, den du gerade bearbeitet hast. Der Cookie verf\u00e4llt nach einem Tag.<\/p>\n<h3>Medien<\/h3>\n<p>Wenn du ein registrierter Benutzer bist und Fotos auf diese Website l\u00e4dst, solltest du vermeiden, Fotos mit einem EXIF-GPS-Standort hochzuladen. Besucher dieser Website k\u00f6nnten Fotos, die auf dieser Website gespeichert sind, herunterladen und deren Standort-Informationen extrahieren &#8211; <strong>allerdings sind&nbsp; Nutzer-Registrierungen bei uns zur Zeit nur f\u00fcr Vorstandmitglieder auf Antrag beim Vereinsvorsitzenden m\u00f6glich!<\/strong><br \/>\nFotos werden nur von \u00f6ffentlichen Vereins-Veranstaltungen auf dieser Webseite pr\u00e4sentiert. Die Orte dieser Veranstaltungen sind \u00f6ffentlich bekannt. Von daher hat dieser Punkt der Datenschutzregelung nur geringe Relevanz f\u00fcr unsere Webseite.<\/p>\n<h3>Eingebettete Inhalte von anderen Websites<\/h3>\n<p>Beitr\u00e4ge auf dieser Website k\u00f6nnen eingebettete Inhalte beinhalten (z.&nbsp;B. Videos, Bilder, Beitr\u00e4ge etc.). Eingebettete Inhalte von anderen Websites verhalten sich exakt so, als ob der Besucher die andere Website besucht h\u00e4tte.<\/p>\n<p>Diese Websites k\u00f6nnen Daten \u00fcber dich sammeln, Cookies benutzen, zus\u00e4tzliche Tracking-Dienste von Dritten einbetten und deine Interaktion mit diesem eingebetteten Inhalt aufzeichnen, inklusive deiner Interaktion mit dem eingebetteten Inhalt, falls du ein Konto hast und auf dieser Website angemeldet bist.<\/p>\n<h3>Server-Log-Dateien<\/h3>\n<p>Der Provider der Seiten erhebt und speichert automatisch Informationen in so genannten Server-Log-Dateien, die Dein Browser automatisch an uns \u00fcbermittelt. Dies sind:<\/p>\n<ul>\n<li>Browsertyp und Browserversion<\/li>\n<li>verwendetes Betriebssystem<\/li>\n<li>Referrer URL<\/li>\n<li>Hostname des zugreifenden Rechners<\/li>\n<li>Uhrzeit der Serveranfrage<\/li>\n<li>IP-Adresse<\/li>\n<\/ul>\n<p>Eine Zusammenf\u00fchrung dieser Daten mit anderen Datenquellen wird nicht vorgenommen.<\/p>\n<p>Grundlage f\u00fcr die Datenverarbeitung ist Art. 6 Abs. 1 lit. b DSGVO, der die Verarbeitung von Daten zur Erf\u00fcllung eines Vertrags oder vorvertraglicher Ma\u00dfnahmen gestattet. Eine rechtskonforme Vereinbarung zur sogenannten &#8222;Auftragsdatenverarbeitung&#8220; mit unserem Provider liegt vor !<\/p>\n<h2>Wie lange wir deine Daten speichern<\/h2>\n<p>Wenn du einen Kommentar schreibst, wird dieser inklusive Metadaten zeitlich unbegrenzt gespeichert. Auf diese Art k\u00f6nnen wir Folgekommentare automatisch erkennen und freigeben, anstelle sie in einer Moderations-Warteschlange festzuhalten.<\/p>\n<p>F\u00fcr Benutzer, die sich auf unserer Website registrieren, speichern wir zus\u00e4tzlich die pers\u00f6nlichen Informationen, die sie in ihren Benutzerprofilen angeben. Alle Benutzer k\u00f6nnen jederzeit ihre pers\u00f6nlichen Informationen einsehen, ver\u00e4ndern oder l\u00f6schen (der Benutzername kann nicht ver\u00e4ndert werden). Administratoren der Website k\u00f6nnen diese Informationen ebenfalls einsehen und ver\u00e4ndern.<\/p>\n<h2>Welche Rechte du an deinen Daten hast<\/h2>\n<p>Wenn du ein Konto auf dieser Website besitzt oder Kommentare geschrieben hast, kannst du einen Export deiner personenbezogenen Daten bei uns anfordern, inklusive aller Daten, die du uns mitgeteilt hast. Dar\u00fcber hinaus kannst du die L\u00f6schung aller personenbezogenen Daten, die wir von dir gespeichert haben, anfordern. Dies umfasst nicht die Daten, die wir aufgrund administrativer, rechtlicher oder sicherheitsrelevanter Notwendigkeiten aufbewahren m\u00fcssen.<\/p>\n<h3>Wichtige Links<\/h3>\n<ul>\n<li><a href=\"https:\/\/www.strato.de\/datenschutz\/\" target=\"_blank\" rel=\"noopener\">Datenschutzerkl\u00e4rung<\/a> unseres aktuellen Providers (Host unserer Webseite).<\/li>\n<\/ul>\n","protected":false},"excerpt":{"rendered":"<p>Wer wir sind Die offizielle Homepage des Kleingartenvereins Ladenburg e.V. Die Adresse unserer Website ist: https:\/\/www.kleingartenverein-ladenburg.de. Welche personenbezogenen Daten wir sammeln und warum wir sie sammeln Kommentare Die Kommentarfunktion ist auf unserer Website in der Regel deaktiviert.&nbsp; Von daher ist die nachfolgende Beschreibung eher theoretisch zu verstehen, bzw. betrifft nur ausgew\u00e4hlte Beitr\u00e4ge mit erlaubter Kommentarfunktion [&hellip;]<\/p>\n","protected":false},"author":1,"featured_media":0,"parent":0,"menu_order":11,"comment_status":"closed","ping_status":"closed","template":"","meta":{"ngg_post_thumbnail":0,"footnotes":""},"class_list":["post-1903","page","type-page","status-publish","hentry"],"_links":{"self":[{"href":"https:\/\/www.kleingartenverein-ladenburg.de\/index.php?rest_route=\/wp\/v2\/pages\/1903","targetHints":{"allow":["GET"]}}],"collection":[{"href":"https:\/\/www.kleingartenverein-ladenburg.de\/index.php?rest_route=\/wp\/v2\/pages"}],"about":[{"href":"https:\/\/www.kleingartenverein-ladenburg.de\/index.php?rest_route=\/wp\/v2\/types\/page"}],"author":[{"embeddable":true,"href":"https:\/\/www.kleingartenverein-ladenburg.de\/index.php?rest_route=\/wp\/v2\/users\/1"}],"replies":[{"embeddable":true,"href":"https:\/\/www.kleingartenverein-ladenburg.de\/index.php?rest_route=%2Fwp%2Fv2%2Fcomments&post=1903"}],"version-history":[{"count":9,"href":"https:\/\/www.kleingartenverein-ladenburg.de\/index.php?rest_route=\/wp\/v2\/pages\/1903\/revisions"}],"predecessor-version":[{"id":1914,"href":"https:\/\/www.kleingartenverein-ladenburg.de\/index.php?rest_route=\/wp\/v2\/pages\/1903\/revisions\/1914"}],"wp:attachment":[{"href":"https:\/\/www.kleingartenverein-ladenburg.de\/index.php?rest_route=%2Fwp%2Fv2%2Fmedia&parent=1903"}],"curies":[{"name":"wp","href":"https:\/\/api.w.org\/{rel}","templated":true}]}}