{"id":155,"date":"2012-08-20T21:42:50","date_gmt":"2012-08-20T21:42:50","guid":{"rendered":"http:\/\/test.kleingartenverein-ladenburg.de\/?page_id=155"},"modified":"2025-05-01T06:58:41","modified_gmt":"2025-05-01T06:58:41","slug":"heddesheimer-weg","status":"publish","type":"page","link":"https:\/\/www.kleingartenverein-ladenburg.de\/?page_id=155","title":{"rendered":"Heddesheimer Weg"},"content":{"rendered":"<p>Die Gr\u00f6\u00dfte der zwei Anlagen und mit Vereins- und Ger\u00e4tehaus auch die \u201cSchaltzentrale\u201d des Vereins.<br \/>\nDie Anlage &#8222;Heddesheimer Weg&#8220; liegt an der alten Heddesheimer Landstrasse &#8211; siehe <a href=\"https:\/\/www.kleingartenverein-ladenburg.de\/?page_id=165\" target=\"_blank\" rel=\"noopener noreferrer\">Anfahrt<\/a><\/p>\n<p>&nbsp;<\/p>\n<p><a href=\"https:\/\/www.kleingartenverein-ladenburg.de\/wp-content\/uploads\/2014\/11\/HW8.jpg\"><img loading=\"lazy\" decoding=\"async\" class=\"size-medium wp-image-946 aligncenter\" src=\"https:\/\/www.kleingartenverein-ladenburg.de\/wp-content\/uploads\/2014\/11\/HW8-300x225.jpg\" alt=\"Traveler\" width=\"300\" height=\"225\" srcset=\"https:\/\/www.kleingartenverein-ladenburg.de\/wp-content\/uploads\/2014\/11\/HW8-300x225.jpg 300w, https:\/\/www.kleingartenverein-ladenburg.de\/wp-content\/uploads\/2014\/11\/HW8-624x468.jpg 624w, https:\/\/www.kleingartenverein-ladenburg.de\/wp-content\/uploads\/2014\/11\/HW8.jpg 800w\" sizes=\"auto, (max-width: 300px) 100vw, 300px\" \/><\/a><\/p>\n","protected":false},"excerpt":{"rendered":"<p>Die Gr\u00f6\u00dfte der zwei Anlagen und mit Vereins- und Ger\u00e4tehaus auch die \u201cSchaltzentrale\u201d des Vereins. Die Anlage &#8222;Heddesheimer Weg&#8220; liegt an der alten Heddesheimer Landstrasse &#8211; siehe Anfahrt &nbsp;<\/p>\n","protected":false},"author":2,"featured_media":0,"parent":109,"menu_order":2,"comment_status":"closed","ping_status":"closed","template":"","meta":{"ngg_post_thumbnail":0,"footnotes":""},"class_list":["post-155","page","type-page","status-publish","hentry"],"_links":{"self":[{"href":"https:\/\/www.kleingartenverein-ladenburg.de\/index.php?rest_route=\/wp\/v2\/pages\/155","targetHints":{"allow":["GET"]}}],"collection":[{"href":"https:\/\/www.kleingartenverein-ladenburg.de\/index.php?rest_route=\/wp\/v2\/pages"}],"about":[{"href":"https:\/\/www.kleingartenverein-ladenburg.de\/index.php?rest_route=\/wp\/v2\/types\/page"}],"author":[{"embeddable":true,"href":"https:\/\/www.kleingartenverein-ladenburg.de\/index.php?rest_route=\/wp\/v2\/users\/2"}],"replies":[{"embeddable":true,"href":"https:\/\/www.kleingartenverein-ladenburg.de\/index.php?rest_route=%2Fwp%2Fv2%2Fcomments&post=155"}],"version-history":[{"count":16,"href":"https:\/\/www.kleingartenverein-ladenburg.de\/index.php?rest_route=\/wp\/v2\/pages\/155\/revisions"}],"predecessor-version":[{"id":3018,"href":"https:\/\/www.kleingartenverein-ladenburg.de\/index.php?rest_route=\/wp\/v2\/pages\/155\/revisions\/3018"}],"up":[{"embeddable":true,"href":"https:\/\/www.kleingartenverein-ladenburg.de\/index.php?rest_route=\/wp\/v2\/pages\/109"}],"wp:attachment":[{"href":"https:\/\/www.kleingartenverein-ladenburg.de\/index.php?rest_route=%2Fwp%2Fv2%2Fmedia&parent=155"}],"curies":[{"name":"wp","href":"https:\/\/api.w.org\/{rel}","templated":true}]}}