{"id":150,"date":"2012-08-20T21:41:13","date_gmt":"2012-08-20T21:41:13","guid":{"rendered":"http:\/\/test.kleingartenverein-ladenburg.de\/?page_id=150"},"modified":"2022-04-09T21:07:54","modified_gmt":"2022-04-09T21:07:54","slug":"vereinsgeschichte","status":"publish","type":"page","link":"https:\/\/www.kleingartenverein-ladenburg.de\/?page_id=150","title":{"rendered":"Vereinsgeschichte"},"content":{"rendered":"\n<figure class=\"wp-block-table\"><table><tbody><tr><td><strong>1947<\/strong><\/td><td><strong>Vereinsgr\u00fcndung. <\/strong>34 Gartenfreunde gr\u00fcnden im Gasthaus \u201cZum Martinstor\u201d den Kleingartenverein.<br>Zu dieser Zeit sind die bestehenden Kleing\u00e4rten \u00fcber Ladenburg verstreut; die G\u00e4rten sind von den P\u00e4chtern direkt bei der Stadt, bzw. den jeweiligen Besitzern der Grundst\u00fccke gepachtet. Die heutige Anlage Weinheimer Weg wurde 1942 mit jeweils rund 150qm gro\u00dfen Grundst\u00fccken gegr\u00fcndet.<br>Die starke Nachfrage nach G\u00e4rten zu dieser Zeit ist gepr\u00e4gt von den Versorgungsengp\u00e4ssen nach dem 2. Weltkrieg<\/td><\/tr><tr><td><strong>1948<\/strong><\/td><td>1. Generalversammlung und offizielle Vorstandswahl. Zum ersten 1. Vorsitzenden des Vereins wird Gr\u00fcndungsmitglied Johann H\u00fctter gew\u00e4hlt<\/td><\/tr><tr><td><strong>20.06.1953<\/strong><\/td><td>Offizieller Eintrag des Vereins in das Vereinsregister bei Amtsgericht Weinheim<\/td><\/tr><tr><td><strong>28.09.1953<\/strong><\/td><td>Abschluss des Pachtvertrages zwischen der Stadt Ladenburg und dem Kleingartenverein als Generalp\u00e4chter der Gartenanlage \u201cHeddesheimer Weg\u201d.<br>Diese war von der Stadt angeboten worden, da einerseits die Nachfrage nach Kleing\u00e4rten mit bestehenden Anlagen nicht mehr zu befriedigen war und andererseits die bisherigen G\u00e4rten nahe der heutigen S\u00fcdstadt und dem Neckarvorland dem damaligen Baugebiet \u201cS\u00fcdstadt\u201d im Wege waren<\/td><\/tr><tr><td><strong>1960..<\/strong><\/td><td>Bau des Vereinshauses incl. der Einrichtung einer Zeltkonstruktion, einer Tanzfl\u00e4che, einer kleinen B\u00fchne und nicht zu vergessen &#8211; einer Toilettenanlage im Heddesheimer Weg<\/td><\/tr><tr><td><strong>1971<\/strong><\/td><td>Einweihung des in Gemeinschaftsarbeit mit finanzieller Unterst\u00fctzung der Stadt errichteten zentralen Kinderspielplatzes im Rahmen des j\u00e4hrlichen Gartenfestes<\/td><\/tr><tr><td><strong>1976<\/strong><\/td><td>Erstmalige Bewirtschaftung des Vereinshauses zu Saisonzeiten<\/td><\/tr><tr><td><strong>1977-1982<\/strong><\/td><td>Der Zeitraum zwischen Planungsbeginn und Einweihung der neuen Anlage \u201cAufeld\u201d, die aufgrund der Unterst\u00fctzung durch die Stadt Ladenburg und gro\u00dfer Eigenleistungen der neuen Gartenp\u00e4chter realisiert werden konnte<\/td><\/tr><tr><td><strong>1983<\/strong><\/td><td>Modernisierung der Anlage Weinheimer Weg mit einer Toilettenanlage<\/td><\/tr><tr><td><strong>1985<\/strong><\/td><td>Einrichtung eines 2. Zuganges zur Anlage Heddesheimer Weg nach Realisierung der neuen umgebenden Verkehrsf\u00fchrung.<\/td><\/tr><tr><td><strong>1992<\/strong><\/td><td>Nach Abriss der alten Zeltkonstruktion wurde das Gartenfest in die Anlage Aufeld verlegt.<\/td><\/tr><tr><td><strong>1992-94<\/strong><\/td><td>Sanierung der Wasserversorgung im Heddesheimer Weg (Pumpe)<\/td><\/tr><tr><td><strong>1993<\/strong><\/td><td>Partnerschaft mit dem Kleingartenverein \u201cKirschbaum e.V.\u201d, Chemnitz<\/td><\/tr><tr><td><strong>2011-12<\/strong><\/td><td>Erneuerung der Wasserleitungen im Heddesheimer Weg und Verlegung von Stromanschl\u00fcssen<\/td><\/tr><tr><td><strong>2015<\/strong><\/td><td>Grundlegende Sanierung Toilettenanlage in der Anlage &#8222;Heddesheimer Weg&#8220;<\/td><\/tr><tr><td><strong>2017<\/strong><\/td><td>Schliessung der Anlage &#8222;Weinheimer Weg&#8220; \/ K\u00fcndigung Pachtvertrag durch die Stadt Ladenburg<br>und anschliessende Erweiterung der Anlage Aufeld<\/td><\/tr><tr><td><strong>2021-22<\/strong><\/td><td>Erneuerung des Spielplatzes in der Anlage Heddesheimer Weg<\/td><\/tr><tr><td><strong>2022<\/strong><\/td><td>Errichtung eines Kompostplatzes<\/td><\/tr><\/tbody><\/table><\/figure>\n","protected":false},"excerpt":{"rendered":"<p>1947 Vereinsgr\u00fcndung. 34 Gartenfreunde gr\u00fcnden im Gasthaus \u201cZum Martinstor\u201d den Kleingartenverein.Zu dieser Zeit sind die bestehenden Kleing\u00e4rten \u00fcber Ladenburg verstreut; die G\u00e4rten sind von den P\u00e4chtern direkt bei der Stadt, bzw. den jeweiligen Besitzern der Grundst\u00fccke gepachtet. Die heutige Anlage Weinheimer Weg wurde 1942 mit jeweils rund 150qm gro\u00dfen Grundst\u00fccken gegr\u00fcndet.Die starke Nachfrage nach G\u00e4rten [&hellip;]<\/p>\n","protected":false},"author":2,"featured_media":0,"parent":107,"menu_order":4,"comment_status":"closed","ping_status":"closed","template":"","meta":{"ngg_post_thumbnail":0,"footnotes":""},"class_list":["post-150","page","type-page","status-publish","hentry"],"_links":{"self":[{"href":"https:\/\/www.kleingartenverein-ladenburg.de\/index.php?rest_route=\/wp\/v2\/pages\/150","targetHints":{"allow":["GET"]}}],"collection":[{"href":"https:\/\/www.kleingartenverein-ladenburg.de\/index.php?rest_route=\/wp\/v2\/pages"}],"about":[{"href":"https:\/\/www.kleingartenverein-ladenburg.de\/index.php?rest_route=\/wp\/v2\/types\/page"}],"author":[{"embeddable":true,"href":"https:\/\/www.kleingartenverein-ladenburg.de\/index.php?rest_route=\/wp\/v2\/users\/2"}],"replies":[{"embeddable":true,"href":"https:\/\/www.kleingartenverein-ladenburg.de\/index.php?rest_route=%2Fwp%2Fv2%2Fcomments&post=150"}],"version-history":[{"count":5,"href":"https:\/\/www.kleingartenverein-ladenburg.de\/index.php?rest_route=\/wp\/v2\/pages\/150\/revisions"}],"predecessor-version":[{"id":2553,"href":"https:\/\/www.kleingartenverein-ladenburg.de\/index.php?rest_route=\/wp\/v2\/pages\/150\/revisions\/2553"}],"up":[{"embeddable":true,"href":"https:\/\/www.kleingartenverein-ladenburg.de\/index.php?rest_route=\/wp\/v2\/pages\/107"}],"wp:attachment":[{"href":"https:\/\/www.kleingartenverein-ladenburg.de\/index.php?rest_route=%2Fwp%2Fv2%2Fmedia&parent=150"}],"curies":[{"name":"wp","href":"https:\/\/api.w.org\/{rel}","templated":true}]}}