{"id":148,"date":"2012-08-20T21:40:54","date_gmt":"2012-08-20T21:40:54","guid":{"rendered":"http:\/\/test.kleingartenverein-ladenburg.de\/?page_id=148"},"modified":"2025-11-09T18:56:27","modified_gmt":"2025-11-09T18:56:27","slug":"satzung-usw","status":"publish","type":"page","link":"https:\/\/www.kleingartenverein-ladenburg.de\/?page_id=148","title":{"rendered":"Satzung und sonstige Vereinsordnungen"},"content":{"rendered":"<p><a href=\"https:\/\/www.kleingartenverein-ladenburg.de\/wp-content\/uploads\/2025\/11\/KGV-Satzung2025.pdf\">Aktuelle Satzung<\/a><\/p>\n<p><a href=\"https:\/\/www.kleingartenverein-ladenburg.de\/wp-content\/uploads\/2025\/04\/250419-Gartenordnung.pdf\">Gartenordnung-Entwurf 2025<\/a><\/p>\n<p><a href=\"https:\/\/www.kleingartenverein-ladenburg.de\/wp-content\/pdf\/Gartenordnung.pdf\">Gartenordnung (aktuell&nbsp; noch g\u00fcltige Version)<\/a><\/p>\n<p><a href=\"https:\/\/www.kleingartenverein-ladenburg.de\/wp-content\/uploads\/2025\/04\/250419_Funktionaersordnung.pdf\">Funktion\u00e4rsordnung<\/a><\/p>\n<p><a href=\"http:\/\/kleingartenverein-ladenburg.de\/wp-content\/pdf\/BGO.pdf\" target=\"_blank\" rel=\"noopener noreferrer\">Beitrags- und Geb\u00fchrenordnung<\/a><\/p>\n<p><a href=\"https:\/\/www.kleingartenverein-ladenburg.de\/wp-content\/uploads\/2019\/01\/Vereinsordnung_Datenschutz.pdf\" target=\"_blank\" rel=\"noopener noreferrer\">Vereinsordnung zur Erhebung, Verarbeitung, Verwendung und Weitergabe von Mitgliederdaten&nbsp;<\/a><\/p>\n<p><a title=\"Hinweise der Baukommission\" href=\"https:\/\/www.kleingartenverein-ladenburg.de\/?p=1099\" target=\"_blank\" rel=\"noopener noreferrer\">Hinweise der Baukommission<\/a><\/p>\n<p><a href=\"http:\/\/kleingartenverein-ladenburg.de\/wp-content\/pdf\/Bauantrag.pdf\" target=\"_blank\" rel=\"noopener noreferrer\">Bauantrag<\/a><\/p>\n\n\n<p><a href=\"https:\/\/www.kleingartenverein-ladenburg.de\/wp-content\/uploads\/2024\/01\/Aufnahmeantrag-KGV.pdf\" data-type=\"attachment\" data-id=\"2736\">Aufnahmeantrag<\/a><\/p>\n\n\n\n<p><\/p>\n","protected":false},"excerpt":{"rendered":"<p>Aktuelle Satzung Gartenordnung-Entwurf 2025 Gartenordnung (aktuell&nbsp; noch g\u00fcltige Version) Funktion\u00e4rsordnung Beitrags- und Geb\u00fchrenordnung Vereinsordnung zur Erhebung, Verarbeitung, Verwendung und Weitergabe von Mitgliederdaten&nbsp; Hinweise der Baukommission Bauantrag Aufnahmeantrag<\/p>\n","protected":false},"author":2,"featured_media":0,"parent":107,"menu_order":3,"comment_status":"closed","ping_status":"closed","template":"","meta":{"ngg_post_thumbnail":0,"footnotes":""},"class_list":["post-148","page","type-page","status-publish","hentry"],"_links":{"self":[{"href":"https:\/\/www.kleingartenverein-ladenburg.de\/index.php?rest_route=\/wp\/v2\/pages\/148","targetHints":{"allow":["GET"]}}],"collection":[{"href":"https:\/\/www.kleingartenverein-ladenburg.de\/index.php?rest_route=\/wp\/v2\/pages"}],"about":[{"href":"https:\/\/www.kleingartenverein-ladenburg.de\/index.php?rest_route=\/wp\/v2\/types\/page"}],"author":[{"embeddable":true,"href":"https:\/\/www.kleingartenverein-ladenburg.de\/index.php?rest_route=\/wp\/v2\/users\/2"}],"replies":[{"embeddable":true,"href":"https:\/\/www.kleingartenverein-ladenburg.de\/index.php?rest_route=%2Fwp%2Fv2%2Fcomments&post=148"}],"version-history":[{"count":43,"href":"https:\/\/www.kleingartenverein-ladenburg.de\/index.php?rest_route=\/wp\/v2\/pages\/148\/revisions"}],"predecessor-version":[{"id":3086,"href":"https:\/\/www.kleingartenverein-ladenburg.de\/index.php?rest_route=\/wp\/v2\/pages\/148\/revisions\/3086"}],"up":[{"embeddable":true,"href":"https:\/\/www.kleingartenverein-ladenburg.de\/index.php?rest_route=\/wp\/v2\/pages\/107"}],"wp:attachment":[{"href":"https:\/\/www.kleingartenverein-ladenburg.de\/index.php?rest_route=%2Fwp%2Fv2%2Fmedia&parent=148"}],"curies":[{"name":"wp","href":"https:\/\/api.w.org\/{rel}","templated":true}]}}