{"id":123,"date":"2012-08-20T21:32:18","date_gmt":"2012-08-20T21:32:18","guid":{"rendered":"http:\/\/test.kleingartenverein-ladenburg.de\/?page_id=123"},"modified":"2025-05-01T07:05:57","modified_gmt":"2025-05-01T07:05:57","slug":"links","status":"publish","type":"page","link":"https:\/\/www.kleingartenverein-ladenburg.de\/?page_id=123","title":{"rendered":"Links"},"content":{"rendered":"\n<ul class=\"wp-block-list\">\n<li><a href=\"https:\/\/bienennutzgarten.de\/\" data-type=\"URL\" data-id=\"https:\/\/bienennutzgarten.de\/\" target=\"_blank\" rel=\"noreferrer noopener\">Bienennutzgarten.de &#8211; Ratgeber f\u00fcr bienenfreundliche Pflanzen<\/a><\/li>\n\n\n\n<li><a href=\"http:\/\/www.ladenburg.de\">Stadt Ladenburg<\/a><\/li>\n\n\n\n<li>Gr\u00fcnschnittentsorgung:\n<ul class=\"wp-block-list\">\n<li><a href=\"https:\/\/www.avr-kommunal.de\" target=\"_blank\" rel=\"noreferrer noopener\">AVR<\/a><\/li>\n\n\n\n<li><a href=\"http:\/\/www.kompostanlage-weinheim.de\/\" target=\"_blank\" rel=\"noopener\">Kompostanlage Weinheim<\/a> <\/li>\n<\/ul>\n<\/li>\n\n\n\n<li><a href=\"http:\/\/www.galabau-bw.de\/bw\/default.aspx\">Garten &amp; Landschaftsbau Baden-W\u00fcrttemberg<\/a><\/li>\n\n\n\n<li><a href=\"http:\/\/www.landesverband-bw.de\">Landesverband der Gartenfreunde Baden-W\u00fcrttemberg e.V.<\/a><\/li>\n\n\n\n<li><a href=\"http:\/\/www.erda-garten.de\">ERDA Gartenservice GmbH <\/a><\/li>\n\n\n\n<li><a href=\"http:\/\/www.huben.de\/\">Baumschule Huben<\/a><\/li>\n\n\n\n<li><a href=\"http:\/\/www.jaegers-gartenwelt.de\/\">Baumschule Jaeger<\/a><\/li>\n\n\n\n<li><a href=\"http:\/\/www.gartentipps.com\">www.gartentipps.com<\/a><\/li>\n\n\n\n<li><a title=\"Sch\u00e4dlings-Ratgeber\" href=\"https:\/\/www.casando.de\/ungeziefer-ratgeber\/\" target=\"_blank\" rel=\"noopener\">Casando Sch\u00e4dlings-Ratggeber <\/a><\/li>\n\n\n\n<li><a href=\"http:\/\/www.garten-held.com\" target=\"_blank\" rel=\"noopener\">www.garten-held.com<\/a><\/li>\n<\/ul>\n\n\n\n<p><strong>Haftungsausschluss:<\/strong><\/p>\n\n\n\n<p>Wir \u00fcbernehmen keine Gew\u00e4hr f\u00fcr die Richtigkeit und Vollst\u00e4ndigkeit der auf der Website befindlichen Informationen.<br>Unser Angebot enth\u00e4lt Links zu externen Webseiten Dritter, auf deren Inhalte wir keinen Einfluss haben. Wir k\u00f6nnen f\u00fcr diese fremden Inhalte daher keine Verantwortung \u00fcbernehmen. F\u00fcr die Inhalte der verlinkten Seiten ist stets der jeweilige Anbieter oder Betreiber der Seiten verantwortlich.<br>Trotz sorgf\u00e4ltiger Auswahl k\u00f6nnen wir fremde Seiten nicht permanent \u00fcberpr\u00fcfen.<\/p>\n","protected":false},"excerpt":{"rendered":"<p>Haftungsausschluss: Wir \u00fcbernehmen keine Gew\u00e4hr f\u00fcr die Richtigkeit und Vollst\u00e4ndigkeit der auf der Website befindlichen Informationen.Unser Angebot enth\u00e4lt Links zu externen Webseiten Dritter, auf deren Inhalte wir keinen Einfluss haben. Wir k\u00f6nnen f\u00fcr diese fremden Inhalte daher keine Verantwortung \u00fcbernehmen. F\u00fcr die Inhalte der verlinkten Seiten ist stets der jeweilige Anbieter oder Betreiber der Seiten [&hellip;]<\/p>\n","protected":false},"author":2,"featured_media":0,"parent":0,"menu_order":9,"comment_status":"closed","ping_status":"closed","template":"","meta":{"ngg_post_thumbnail":0,"footnotes":""},"class_list":["post-123","page","type-page","status-publish","hentry"],"_links":{"self":[{"href":"https:\/\/www.kleingartenverein-ladenburg.de\/index.php?rest_route=\/wp\/v2\/pages\/123","targetHints":{"allow":["GET"]}}],"collection":[{"href":"https:\/\/www.kleingartenverein-ladenburg.de\/index.php?rest_route=\/wp\/v2\/pages"}],"about":[{"href":"https:\/\/www.kleingartenverein-ladenburg.de\/index.php?rest_route=\/wp\/v2\/types\/page"}],"author":[{"embeddable":true,"href":"https:\/\/www.kleingartenverein-ladenburg.de\/index.php?rest_route=\/wp\/v2\/users\/2"}],"replies":[{"embeddable":true,"href":"https:\/\/www.kleingartenverein-ladenburg.de\/index.php?rest_route=%2Fwp%2Fv2%2Fcomments&post=123"}],"version-history":[{"count":11,"href":"https:\/\/www.kleingartenverein-ladenburg.de\/index.php?rest_route=\/wp\/v2\/pages\/123\/revisions"}],"predecessor-version":[{"id":3021,"href":"https:\/\/www.kleingartenverein-ladenburg.de\/index.php?rest_route=\/wp\/v2\/pages\/123\/revisions\/3021"}],"wp:attachment":[{"href":"https:\/\/www.kleingartenverein-ladenburg.de\/index.php?rest_route=%2Fwp%2Fv2%2Fmedia&parent=123"}],"curies":[{"name":"wp","href":"https:\/\/api.w.org\/{rel}","templated":true}]}}