{"id":117,"date":"2012-08-20T21:27:29","date_gmt":"2012-08-20T19:27:29","guid":{"rendered":"http:\/\/test.kleingartenverein-ladenburg.de\/?page_id=117"},"modified":"2018-12-02T11:04:19","modified_gmt":"2018-12-02T11:04:19","slug":"impressum","status":"publish","type":"page","link":"https:\/\/www.kleingartenverein-ladenburg.de\/?page_id=117","title":{"rendered":"Impressum"},"content":{"rendered":"<p><strong>Kontaktdaten:<br \/>\n<\/strong>Kleingartenverein&nbsp; Ladenburg e.V.<br \/>\nHeddesheimer Str. 3<br \/>\n68526 Ladenburg<\/p>\n<p>Tel. 0171 \/ 7335921<br \/>\nEmail:&nbsp;&nbsp;&nbsp; <a href=\"mailto:1vorsitzender@kleingartenverein-ladenburg.de\">1vorsitzender@kleingartenverein-ladenburg.de<\/a><\/p>\n<p>Registergericht:&nbsp; Amtsgericht Weinheim<br \/>\nRegisternummer: VR289<\/p>\n<p><strong>1.Vorstand des Vereins und z.Zt. Verantwortlicher f\u00fcr die redaktionellen Inhalte der Internetpr\u00e4sens (\u00a7 6 MDStV)<\/strong>:<br \/>\nJ\u00fcrgen Weygold<br \/>\nTel. 0171 \/ 7335921<\/p>\n<p><strong>Bankverbindung:<\/strong><\/p>\n<p>Konto Nr. 0039856867 BLZ: 67050505 bei der Sparkasse Rhein-Neckar Nord<br \/>\nIBAN: DE 08 6705 0505 0039 8568 67 &nbsp;BIC: MANSDE66XXX<\/p>\n<p><strong>Haftungsausschluss:<\/strong><br \/>\nWir \u00fcbernehmen keine Gew\u00e4hr f\u00fcr die Richtigkeit und Vollst\u00e4ndigkeit der auf der Website befindlichen Informationen. Unser Angebot enth\u00e4lt Links zu externen Webseiten Dritter, auf deren Inhalte wir keinen Einfluss haben. Wir k\u00f6nnen f\u00fcr diese fremden Inhalte daher keine Verantwortung \u00fcbernehmen. F\u00fcr die Inhalte der verlinkten Seiten ist stets der jeweilige Anbieter oder Betreiber der Seiten verantwortlich. Trotz sorgf\u00e4ltiger Auswahl k\u00f6nnen wir fremde Seiten nicht permanent \u00fcberpr\u00fcfen.<\/p>\n<p>&nbsp;<\/p>\n","protected":false},"excerpt":{"rendered":"<p>Kontaktdaten: Kleingartenverein&nbsp; Ladenburg e.V. Heddesheimer Str. 3 68526 Ladenburg Tel. 0171 \/ 7335921 Email:&nbsp;&nbsp;&nbsp; 1vorsitzender@kleingartenverein-ladenburg.de Registergericht:&nbsp; Amtsgericht Weinheim Registernummer: VR289 1.Vorstand des Vereins und z.Zt. Verantwortlicher f\u00fcr die redaktionellen Inhalte der Internetpr\u00e4sens (\u00a7 6 MDStV): J\u00fcrgen Weygold Tel. 0171 \/ 7335921 Bankverbindung: Konto Nr. 0039856867 BLZ: 67050505 bei der Sparkasse Rhein-Neckar Nord IBAN: DE 08 [&hellip;]<\/p>\n","protected":false},"author":2,"featured_media":0,"parent":0,"menu_order":10,"comment_status":"closed","ping_status":"closed","template":"","meta":{"ngg_post_thumbnail":0,"footnotes":""},"class_list":["post-117","page","type-page","status-publish","hentry"],"_links":{"self":[{"href":"https:\/\/www.kleingartenverein-ladenburg.de\/index.php?rest_route=\/wp\/v2\/pages\/117","targetHints":{"allow":["GET"]}}],"collection":[{"href":"https:\/\/www.kleingartenverein-ladenburg.de\/index.php?rest_route=\/wp\/v2\/pages"}],"about":[{"href":"https:\/\/www.kleingartenverein-ladenburg.de\/index.php?rest_route=\/wp\/v2\/types\/page"}],"author":[{"embeddable":true,"href":"https:\/\/www.kleingartenverein-ladenburg.de\/index.php?rest_route=\/wp\/v2\/users\/2"}],"replies":[{"embeddable":true,"href":"https:\/\/www.kleingartenverein-ladenburg.de\/index.php?rest_route=%2Fwp%2Fv2%2Fcomments&post=117"}],"version-history":[{"count":10,"href":"https:\/\/www.kleingartenverein-ladenburg.de\/index.php?rest_route=\/wp\/v2\/pages\/117\/revisions"}],"predecessor-version":[{"id":1967,"href":"https:\/\/www.kleingartenverein-ladenburg.de\/index.php?rest_route=\/wp\/v2\/pages\/117\/revisions\/1967"}],"wp:attachment":[{"href":"https:\/\/www.kleingartenverein-ladenburg.de\/index.php?rest_route=%2Fwp%2Fv2%2Fmedia&parent=117"}],"curies":[{"name":"wp","href":"https:\/\/api.w.org\/{rel}","templated":true}]}}